{"id":271,"date":"2024-11-02T09:44:34","date_gmt":"2024-11-02T15:44:34","guid":{"rendered":"https:\/\/magisterasesores.com\/?page_id=271"},"modified":"2025-04-27T17:53:00","modified_gmt":"2025-04-27T23:53:00","slug":"nosotros","status":"publish","type":"page","link":"https:\/\/magisterasesores.com\/index.php\/nosotros\/","title":{"rendered":"Nosotros"},"content":{"rendered":"\n<p class=\"has-text-align-left\">Somos una organizaci\u00f3n con m\u00e1s de medio siglo de experiencia, la cual se remonta a inicios de los a\u00f1os 70s en el puerto de Acapulco en d\u00f3nde un joven visionario se abri\u00f3 paso en el comercio internacional. Desde entonces hasta el d\u00eda de hoy nos hemos encargado de brindar atenci\u00f3n personalizada a todos nuestros clientes y los mejores servicios relacionados a la operaci\u00f3n aduanera, clasificaci\u00f3n arancelaria y log\u00edstica.<\/p>\n\n\n\n<figure class=\"wp-block-image size-full is-resized\"><img loading=\"lazy\" decoding=\"async\" width=\"426\" height=\"240\" src=\"https:\/\/magisterasesores.com\/wp-content\/uploads\/2025\/04\/nosotros_intro-1745797210767.gif\" alt=\"\" class=\"wp-image-284\" style=\"width:486px;height:auto\"\/><\/figure>\n","protected":false},"excerpt":{"rendered":"<p>Somos una organizaci\u00f3n con m\u00e1s de medio siglo de experiencia, la cual se remonta a inicios de los a\u00f1os 70s en el puerto de Acapulco en d\u00f3nde un joven visionario se abri\u00f3 paso en el comercio internacional. Desde entonces hasta el d\u00eda de hoy nos hemos encargado de brindar atenci\u00f3n [&hellip;]<\/p>\n","protected":false},"author":2,"featured_media":0,"parent":0,"menu_order":0,"comment_status":"closed","ping_status":"closed","template":"","meta":{"footnotes":""},"class_list":["post-271","page","type-page","status-publish","hentry"],"_links":{"self":[{"href":"https:\/\/magisterasesores.com\/index.php\/wp-json\/wp\/v2\/pages\/271","targetHints":{"allow":["GET"]}}],"collection":[{"href":"https:\/\/magisterasesores.com\/index.php\/wp-json\/wp\/v2\/pages"}],"about":[{"href":"https:\/\/magisterasesores.com\/index.php\/wp-json\/wp\/v2\/types\/page"}],"author":[{"embeddable":true,"href":"https:\/\/magisterasesores.com\/index.php\/wp-json\/wp\/v2\/users\/2"}],"replies":[{"embeddable":true,"href":"https:\/\/magisterasesores.com\/index.php\/wp-json\/wp\/v2\/comments?post=271"}],"version-history":[{"count":5,"href":"https:\/\/magisterasesores.com\/index.php\/wp-json\/wp\/v2\/pages\/271\/revisions"}],"predecessor-version":[{"id":287,"href":"https:\/\/magisterasesores.com\/index.php\/wp-json\/wp\/v2\/pages\/271\/revisions\/287"}],"wp:attachment":[{"href":"https:\/\/magisterasesores.com\/index.php\/wp-json\/wp\/v2\/media?parent=271"}],"curies":[{"name":"wp","href":"https:\/\/api.w.org\/{rel}","templated":true}]}}